{"id":72,"date":"2017-08-02T15:04:42","date_gmt":"2017-08-02T13:04:42","guid":{"rendered":"http:\/\/tiffanyjaquet.com\/?page_id=72"},"modified":"2025-04-14T11:38:42","modified_gmt":"2025-04-14T09:38:42","slug":"evenements-2","status":"publish","type":"page","link":"https:\/\/tiffanyjaquet.com\/?page_id=72","title":{"rendered":"\u00c9v\u00e9nements \u00e0 venir"},"content":{"rendered":"<p>Au plaisir de vous croiser ici et l\u00e0, un jour ou l&rsquo;autre !<\/p>\n","protected":false},"excerpt":{"rendered":"<p>Au plaisir de vous croiser ici et l\u00e0, un jour ou l&rsquo;autre !<\/p>\n","protected":false},"author":2,"featured_media":0,"parent":0,"menu_order":0,"comment_status":"closed","ping_status":"closed","template":"","meta":{"footnotes":""},"_links":{"self":[{"href":"https:\/\/tiffanyjaquet.com\/index.php?rest_route=\/wp\/v2\/pages\/72"}],"collection":[{"href":"https:\/\/tiffanyjaquet.com\/index.php?rest_route=\/wp\/v2\/pages"}],"about":[{"href":"https:\/\/tiffanyjaquet.com\/index.php?rest_route=\/wp\/v2\/types\/page"}],"author":[{"embeddable":true,"href":"https:\/\/tiffanyjaquet.com\/index.php?rest_route=\/wp\/v2\/users\/2"}],"replies":[{"embeddable":true,"href":"https:\/\/tiffanyjaquet.com\/index.php?rest_route=%2Fwp%2Fv2%2Fcomments&post=72"}],"version-history":[{"count":43,"href":"https:\/\/tiffanyjaquet.com\/index.php?rest_route=\/wp\/v2\/pages\/72\/revisions"}],"predecessor-version":[{"id":320,"href":"https:\/\/tiffanyjaquet.com\/index.php?rest_route=\/wp\/v2\/pages\/72\/revisions\/320"}],"wp:attachment":[{"href":"https:\/\/tiffanyjaquet.com\/index.php?rest_route=%2Fwp%2Fv2%2Fmedia&parent=72"}],"curies":[{"name":"wp","href":"https:\/\/api.w.org\/{rel}","templated":true}]}}