{"id":57,"date":"2017-08-02T14:20:04","date_gmt":"2017-08-02T12:20:04","guid":{"rendered":"http:\/\/tiffanyjaquet.com\/?page_id=57"},"modified":"2020-02-03T13:48:02","modified_gmt":"2020-02-03T12:48:02","slug":"interviews","status":"publish","type":"page","link":"https:\/\/tiffanyjaquet.com\/?page_id=57","title":{"rendered":"Interviews"},"content":{"rendered":"<p><a href=\"https:\/\/www.lausannebondyblog.ch\/derriere-la-plume-de-tiffany-jaquet\/\" target=\"_blank\" rel=\"noopener\"><span style=\"color: #b07900;\">\u00ab\u00a0O<em>n \u00e9crit les livres qu&rsquo;on a envie de lire <\/em><\/span><span style=\"color: #b07900;\">\u00bb<\/span><\/a><a href=\"https:\/\/www.lausannebondyblog.ch\/derriere-la-plume-de-tiffany-jaquet\/\">, Lausanne Bondy Blog, 20.10.2017.<\/a><\/p>\n<p><a href=\"http:\/\/assumag.ch\/articles\/lire\/tiffany-jaquet-648\" target=\"_blank\" rel=\"noopener\"><span style=\"color: #b0790c;\">\u00ab\u00a0J<em>\u2019ai toujours plusieurs livres ouverts \u00e0 la fois, ce qui me permet de varier les plaisirs\u00a0!<\/em>\u00a0\u00bb<\/span>,\u00a0Assumag, 07.12.2016.<\/a><\/p>\n<p><a href=\"http:\/\/blog.collibris-app.com\/interview-dauteur-rencontre-avec-tiffany-jaquet\/\" target=\"_blank\" rel=\"noopener\"><span style=\"color: #b0790c;\">\u00ab\u00a0E<em>ntrer au Salon du livre de Gen\u00e8ve par la porte des auteurs \u00e9tait \u00e0 la fois excitant et paniquant.<\/em>\u00a0\u00bb<\/span>,\u00a0Collibris-L\u2019Ivre de Lire, 04.07.2016.<\/a><\/p>\n<p><a href=\"http:\/\/www.plaisirdelire.ch\/decouvrez-tiffany-jaquet-auteure-de-lenfant-du-placard-en-4-questions\" target=\"_blank\" rel=\"noopener\"><span style=\"color: #b0790c;\">\u00ab C<em>e n\u2019est que lors de l\u2019\u00e9criture de\u00a0<\/em>L\u2019Enfant du Placard<em>\u00a0que j\u2019ai pour la premi\u00e8re fois ressenti le besoin d\u2019\u00e9crire.\u00a0\u00bb<\/em><\/span>,\u00a0\u00a0Plaisir de Lire, 08.04.2016.<\/a><\/p>\n<p>&nbsp;<\/p>\n","protected":false},"excerpt":{"rendered":"<p>\u00ab\u00a0On \u00e9crit les livres qu&rsquo;on a envie de lire \u00bb, Lausanne Bondy Blog, 20.10.2017. \u00ab\u00a0J\u2019ai toujours plusieurs livres ouverts \u00e0 la fois, ce qui me permet de varier les plaisirs\u00a0!\u00a0\u00bb,\u00a0Assumag, 07.12.2016. \u00ab\u00a0Entrer au Salon du livre de Gen\u00e8ve par la porte des auteurs \u00e9tait \u00e0 la fois excitant et paniquant.\u00a0\u00bb,\u00a0Collibris-L\u2019Ivre de Lire, 04.07.2016. \u00ab Ce [&hellip;]<\/p>\n","protected":false},"author":2,"featured_media":0,"parent":0,"menu_order":0,"comment_status":"closed","ping_status":"closed","template":"","meta":{"footnotes":""},"_links":{"self":[{"href":"https:\/\/tiffanyjaquet.com\/index.php?rest_route=\/wp\/v2\/pages\/57"}],"collection":[{"href":"https:\/\/tiffanyjaquet.com\/index.php?rest_route=\/wp\/v2\/pages"}],"about":[{"href":"https:\/\/tiffanyjaquet.com\/index.php?rest_route=\/wp\/v2\/types\/page"}],"author":[{"embeddable":true,"href":"https:\/\/tiffanyjaquet.com\/index.php?rest_route=\/wp\/v2\/users\/2"}],"replies":[{"embeddable":true,"href":"https:\/\/tiffanyjaquet.com\/index.php?rest_route=%2Fwp%2Fv2%2Fcomments&post=57"}],"version-history":[{"count":6,"href":"https:\/\/tiffanyjaquet.com\/index.php?rest_route=\/wp\/v2\/pages\/57\/revisions"}],"predecessor-version":[{"id":234,"href":"https:\/\/tiffanyjaquet.com\/index.php?rest_route=\/wp\/v2\/pages\/57\/revisions\/234"}],"wp:attachment":[{"href":"https:\/\/tiffanyjaquet.com\/index.php?rest_route=%2Fwp%2Fv2%2Fmedia&parent=57"}],"curies":[{"name":"wp","href":"https:\/\/api.w.org\/{rel}","templated":true}]}}