{"id":293,"date":"2022-12-12T20:37:50","date_gmt":"2022-12-12T19:37:50","guid":{"rendered":"https:\/\/tiffanyjaquet.com\/?page_id=293"},"modified":"2022-12-12T20:54:05","modified_gmt":"2022-12-12T19:54:05","slug":"revue-de-presse-3","status":"publish","type":"page","link":"https:\/\/tiffanyjaquet.com\/?page_id=293","title":{"rendered":"La Maison au pied du grand glacier"},"content":{"rendered":"\n<p><span style=\"color: #b0790c;\">\u00ab\u00a0U<em>n opus r\u00e9aliste qui \u00e9voque le tourisme d&rsquo;antan et tire des humains de l&rsquo;oubli.<\/em>\u00a0\u00bb <\/span>La Libert\u00e9, 03.09.2022<\/p>\n<p><span style=\"color: #b0790c;\">\u00ab\u00a0L<em>a passion de Tiffany Jaquet pour cette r\u00e9gion est palpable et elle nous transporte dans ces endroits somptueux de l&rsquo;Ouest canadien.<\/em>\u00a0\u00bb <\/span>Blog <a href=\"https:\/\/tasouleslivres.com\/la-maison-au-pied-du-grand-glacier-tiffany-jaquet\/\">T&rsquo;as o\u00f9 les livres<\/a>, 07.09.2022 <span style=\"color: #b0790c;\"><br \/><\/span><\/p>\n<p><span style=\"color: #b0790c;\">\u00ab\u00a0D<em>ans son 3e roman, Tiffany Jaquet tisse une fiction historique richement document\u00e9e, qu&rsquo;elle noue avec des brins de suspense suffisamment solides pour nous tenir en haleine jusqu&rsquo;\u00e0 la derni\u00e8re page.<\/em>\u00a0\u00bb <\/span>La C\u00f4te, 16.09.2022<\/p>\n<p><span style=\"color: #b0790c;\">\u00ab\u00a0I<em>l y a comme un sentiment de nostalgie qui nous enveloppe tout au long de cette lecture.<\/em>\u00a0\u00bb <\/span>Blog <a href=\"https:\/\/www.instagram.com\/pinpinetsesbouquins\/\">Pinpin et ses bouquins<\/a>, 09.12.2022<\/p>\n\n\n","protected":false},"excerpt":{"rendered":"<p>\u00ab\u00a0Un opus r\u00e9aliste qui \u00e9voque le tourisme d&rsquo;antan et tire des humains de l&rsquo;oubli.\u00a0\u00bb La Libert\u00e9, 03.09.2022 \u00ab\u00a0La passion de Tiffany Jaquet pour cette r\u00e9gion est palpable et elle nous transporte dans ces endroits somptueux de l&rsquo;Ouest canadien.\u00a0\u00bb Blog T&rsquo;as o\u00f9 les livres, 07.09.2022 \u00ab\u00a0Dans son 3e roman, Tiffany Jaquet tisse une fiction historique richement [&hellip;]<\/p>\n","protected":false},"author":2,"featured_media":0,"parent":0,"menu_order":0,"comment_status":"closed","ping_status":"closed","template":"","meta":{"footnotes":""},"_links":{"self":[{"href":"https:\/\/tiffanyjaquet.com\/index.php?rest_route=\/wp\/v2\/pages\/293"}],"collection":[{"href":"https:\/\/tiffanyjaquet.com\/index.php?rest_route=\/wp\/v2\/pages"}],"about":[{"href":"https:\/\/tiffanyjaquet.com\/index.php?rest_route=\/wp\/v2\/types\/page"}],"author":[{"embeddable":true,"href":"https:\/\/tiffanyjaquet.com\/index.php?rest_route=\/wp\/v2\/users\/2"}],"replies":[{"embeddable":true,"href":"https:\/\/tiffanyjaquet.com\/index.php?rest_route=%2Fwp%2Fv2%2Fcomments&post=293"}],"version-history":[{"count":4,"href":"https:\/\/tiffanyjaquet.com\/index.php?rest_route=\/wp\/v2\/pages\/293\/revisions"}],"predecessor-version":[{"id":299,"href":"https:\/\/tiffanyjaquet.com\/index.php?rest_route=\/wp\/v2\/pages\/293\/revisions\/299"}],"wp:attachment":[{"href":"https:\/\/tiffanyjaquet.com\/index.php?rest_route=%2Fwp%2Fv2%2Fmedia&parent=293"}],"curies":[{"name":"wp","href":"https:\/\/api.w.org\/{rel}","templated":true}]}}